{"id":7297,"date":"2017-08-31T18:08:30","date_gmt":"2017-08-31T18:08:30","guid":{"rendered":"https:\/\/equilibreazur.fr\/azur\/?page_id=7297"},"modified":"2025-08-23T06:22:13","modified_gmt":"2025-08-23T06:22:13","slug":"qi-gong","status":"publish","type":"page","link":"https:\/\/equilibreazur.fr\/azur\/qi-gong\/","title":{"rendered":"Qi&nbsp;Gong (saison 2025-2026)"},"content":{"rendered":"\n<p class=\"has-text-align-center\">Reprise des cours Qi-Gong&nbsp;: <strong>jeudi 04 sept 2025<\/strong> &#8211; <br><br>Cours hebdomadaire <span class=\"su-highlight\" style=\"background:#ddff99;color:#000000\">&nbsp;<strong>jeudi soir &#8211; 18h30 &#8211; Le Rouret \/ Chateauneuf<\/strong>&nbsp;&nbsp;<\/span><br><strong>Pas de cours pendant les vacances scolaires<\/strong>.<\/p>\n\n\n<div class=\"gb-grid-wrapper gb-grid-wrapper-93fefadc\">\n<div class=\"gb-grid-column gb-grid-column-63e02176\"><div class=\"gb-container gb-container-63e02176\">\n\n<p class=\"has-text-align-center\"><strong>Laurence<\/strong><br><a href=\"tel:+33-6-62-46-12-26\u202c\"><strong>06 62 46 12 26\u202c<\/strong> (laisser un message)<br><\/a><a href=\"mailto:laurence@aikidojo.fr\" target=\"_blank\" rel=\"noreferrer noopener\">laurence.mantelet@hotmail.fr<\/a><\/p>\n\n<\/div><\/div>\n<\/div>\n\n\n<hr class=\"wp-block-separator has-alpha-channel-opacity\"\/>\n\n\n\n<h2 class=\"wp-block-heading\">Qi&nbsp;Gong &#8211; Pratique et Sagesse ancestrales<\/h2>\n\n\n\n<p>D\u00e9couvrez une discipline ancestrale venue d&rsquo;Orient sous la direction d&rsquo;une instructrice passionn\u00e9e et exp\u00e9riment\u00e9e&#8230;<\/p>\n\n\n\n<p>Originaire de la Chine, le Qi&nbsp;Gong est une pratique qui permet de <strong>mettre en relation le corps, la respiration et l&rsquo;esprit<\/strong>. Il plonge ses racines dans la <strong>philosophie<\/strong> et la <strong>m\u00e9decine traditionnelle<\/strong> Chinoise.<\/p>\n\n\n\n<p>La pratique du Qi&nbsp;Gong associe des mouvements \u00e0 des m\u00e9ditations ou \u00e0 des postures statiques (debout ou assis) pour \u00e9quilibrer le yin et le yang.<br>Le Qi&nbsp;Gong n\u2019est pas un art martial, l\u2019\u00e9nergie travaill\u00e9e n\u2019est pas utilis\u00e9e pour parer une attaque d\u2019un adversaire ext\u00e9rieur mais pour la <strong>faire circuler et la renforcer<\/strong> dans son corps.\u00a0Il permet aussi d\u2019apporter <strong>d\u00e9tente et calme int\u00e9rieur<\/strong>.<br>Le but final \u00e9tant de faire circuler sang et \u00e9nergie de fa\u00e7on fluide et \u00e9quilibr\u00e9e dans tout le corps et ainsi permettre de garder la <strong>sant\u00e9<\/strong> ou de l&rsquo;am\u00e9liorer.<\/p>\n\n\n\n<p>Le cours se d\u00e9roule sur 1 heure selon le cadre suivant&#8230;<\/p>\n\n\n\n<ol class=\"wp-block-list\">\n<li>en commen\u00e7ant par un d\u00e9blocage articulaire en conscience,<\/li>\n\n\n\n<li>puis un \u00e9chauffement \u00e9nerg\u00e9tique,<\/li>\n\n\n\n<li>suivi d&rsquo;un ensemble de mouvements debouts ou assis<\/li>\n\n\n\n<li>et pour finir un automassage.<\/li>\n<\/ol>\n\n\n\n<h2 class=\"wp-block-heading\">Laurence Mantelet &#8211; Instructrice de Qi&nbsp;Gong<\/h2>\n\n\n\n<figure class=\"wp-block-image\"><a href=\"https:\/\/equilibreazur.fr\/azur\/wp-content\/uploads\/2015\/12\/2015-12-Qi-Gong-Mantelet.jpg\"><img alt=\"\" loading=\"lazy\" decoding=\"async\" width=\"738\" height=\"415\" src=\"https:\/\/equilibreazur.fr\/azur\/wp-content\/uploads\/2015\/12\/2015-12-Qi-Gong-Mantelet-738x415.jpg\" alt=\"\" class=\"wp-image-6572\" srcset=\"https:\/\/equilibreazur.fr\/azur\/wp-content\/uploads\/2015\/12\/2015-12-Qi-Gong-Mantelet-738x415.jpg 738w, https:\/\/equilibreazur.fr\/azur\/wp-content\/uploads\/2015\/12\/2015-12-Qi-Gong-Mantelet-370x208.jpg 370w, https:\/\/equilibreazur.fr\/azur\/wp-content\/uploads\/2015\/12\/2015-12-Qi-Gong-Mantelet-768x432.jpg 768w, https:\/\/equilibreazur.fr\/azur\/wp-content\/uploads\/2015\/12\/2015-12-Qi-Gong-Mantelet-600x338.jpg 600w, https:\/\/equilibreazur.fr\/azur\/wp-content\/uploads\/2015\/12\/2015-12-Qi-Gong-Mantelet.jpg 960w\" sizes=\"auto, (max-width: 738px) 100vw, 738px\" \/><\/a><figcaption class=\"wp-element-caption\">Laurence, plus de 20 ann\u00e9es de pratique du Qi-Gong\u2026<\/figcaption><\/figure>\n\n\n\n<p>C\u2019est en commen\u00e7ant l\u2019\u00e9tude de l\u2019\u00e9nerg\u00e9tique Chinoise en 2004 que Laurence fait la connaissance du Qi-Gong.<\/p>\n\n\n\n<p>Apr\u00e8s avoir suivi des cours \u00e0 l\u2019<em>Institut Ling<\/em> sur Gap, elle obtient, de l\u2019institut, le dipl\u00f4me d\u2019<strong>enseignante de &nbsp;Qi&nbsp;Gong<\/strong>.<br>Trois ann\u00e9es plus tard, dans le cadre du DNMTC, &nbsp;elle obtient en 2012 le dipl\u00f4me de <strong>praticien de Qi&nbsp;Gong th\u00e9rapeutique<\/strong>.<\/p>\n\n\n\n<p>Elle continue de se former au Qi&nbsp;Gong qui peut \u00eatre une pratique tr\u00e8s diversifi\u00e9e, par exemple avec G\u00e9rard&nbsp;EDDE ou Gilles RIO qui enseignent le Qi&nbsp;Gong tao\u00efste, ou le Professeur Chinois Sifu Qifeng&nbsp;WEI qui vient enseigner le Zhi&nbsp;Neng&nbsp;Qi&nbsp;Gong en Europe.<\/p>\n\n\n\n<h2 class=\"wp-block-heading\">Lieu des cours<\/h2>\n\n\n  <!-- Feuille de style Leaflet -->\n  <link rel=\"stylesheet\" href=\"https:\/\/unpkg.com\/leaflet@1.9.4\/dist\/leaflet.css\" \/>\n  <script src=\"https:\/\/unpkg.com\/leaflet@1.9.4\/dist\/leaflet.js\"><\/script>\n\n  <div id=\"map-custom-69fc153c89230\" style=\"height: 450px; margin-bottom: 2em;\"><\/div>\n\n  <script>\n    document.addEventListener(\"DOMContentLoaded\", function () {\n      var map = L.map('map-custom-69fc153c89230').setView([43.67383, 7.02181], 12);\n\n      L.tileLayer('https:\/\/server.arcgisonline.com\/ArcGIS\/rest\/services\/World_Street_Map\/MapServer\/tile\/{z}\/{y}\/{x}', {\n        attribution: '&copy; Esri &mdash; Sources: Esri, HERE, Garmin, FAO, NOAA, USGS',\n        maxZoom: 16\n      }).addTo(map);\n\n      \/\/ Liste des marqueurs selon la carte\n      var id = \"qigong\";\n\n      if (id === 'antibes') {\n        L.marker([43.564203, 7.124215]).addTo(map).bindPopup('ANTIBES - Villa Thuret');\n        L.marker([43.595980, 7.121480]).addTo(map).bindPopup('ANTIBES - Salle Aqueduc');\n      } else if (id === 'roquefort') {\n        L.marker([43.667963, 7.046836]).addTo(map).bindPopup('ROQUEFORT-LES-PINS - Dojo');\n        L.marker([43.666125, 7.049996]).addTo(map).bindPopup('ROQUEFORT-LES-PINS - Charvet 1');\n      } else if (id === 'rouret') {\n        L.marker([43.670801, 7.016611]).addTo(map).bindPopup('LE ROURET - Clamarquier');\n      } else if (id === 'chateauneuf') {\n        L.marker([43.675843, 6.973762]).addTo(map).bindPopup('CHATEAUNEUF - Plantier');\n      } else if (id === 'qigong') {\n\t\t L.marker([43.673742, 6.992787]).addTo(map).bindPopup('LE ROURET \/ CHATEAUNEUF - Gymnase\u00a0St\u00a0Jeaume');\n      } else if (id === 'aikido') {\n         L.marker([43.667963, 7.046836]).addTo(map).bindPopup('ROQUEFORT-LES-PINS - Dojo');\n\t\t L.marker([43.673742, 6.992787]).addTo(map).bindPopup('LE ROURET \/ CHATEAUNEUF - Gymnase\u00a0St\u00a0Jeaume');\n      } else if (id === 'yogaCH9LRTRLP') {\n        L.marker([43.675843, 6.973762]).addTo(map).bindPopup('CHATEAUNEUF - Plantier');\n        L.marker([43.670801, 7.016611]).addTo(map).bindPopup('LE ROURET - Clamarquier');\n        L.marker([43.667963, 7.046836]).addTo(map).bindPopup('ROQUEFORT-LES-PINS - Dojo');\n        L.marker([43.666125, 7.049996]).addTo(map).bindPopup('ROQUEFORT-LES-PINS - Charvet 1');\n      } else if (id === 'yoga') {\n        L.marker([43.675843, 6.973762]).addTo(map).bindPopup('CHATEAUNEUF - Plantier');\n        L.marker([43.670801, 7.016611]).addTo(map).bindPopup('LE ROURET - Clamarquier');\n        L.marker([43.667963, 7.046836]).addTo(map).bindPopup('ROQUEFORT-LES-PINS - Dojo');\n        L.marker([43.666125, 7.049996]).addTo(map).bindPopup('ROQUEFORT-LES-PINS - Charvet 1');\n        L.marker([43.564203, 7.124215]).addTo(map).bindPopup('ANTIBES - Villa Thuret');\n        L.marker([43.595980, 7.121480]).addTo(map).bindPopup('ANTIBES - Salle Aqueduc');\n\t  } else {\n        \/\/ Tous les marqueurs (par d\u00e9faut)\n        L.marker([43.675843, 6.973762]).addTo(map).bindPopup('CHATEAUNEUF - Plantier');\n        L.marker([43.670801, 7.016611]).addTo(map).bindPopup('LE ROURET - Clamarquier');\n        L.marker([43.667963, 7.046836]).addTo(map).bindPopup('ROQUEFORT-LES-PINS - Dojo');\n        L.marker([43.666125, 7.049996]).addTo(map).bindPopup('ROQUEFORT-LES-PINS - Charvet 1');\n        L.marker([43.564203, 7.124215]).addTo(map).bindPopup('ANTIBES - Villa Thuret');\n        L.marker([43.595980, 7.121480]).addTo(map).bindPopup('ANTIBES - Salle Aqueduc');\n      }\n    });\n  <\/script>\n  \n\n\n\n<p><\/p>\n\n\n\n<p><strong>GYMNASE du COLLEGE LE&nbsp;ROURET&nbsp;\/&nbsp;CHATEAUNEUF<\/strong><br>Salle du Bois de Saint Jeaume<br>Coll\u00e8ge du pr\u00e9 des roures<br>06650 CHATEAUNEUF \/ LE ROURET<br>(Latitude 43.6737, Longitude 6.9930)<\/p>\n\n\n\n<h2 class=\"wp-block-heading\">Tarifs<\/h2>\n\n\n\n<p>\u2794&nbsp;<strong>Adh\u00e9sion \/ Licence \/ Assurance<\/strong><\/p>\n\n\n\n<ul class=\"wp-block-list\">\n<li>Adh\u00e9sion \u00e0 l&rsquo;association La Voix du Qi pour la saison est de&nbsp;<strong>10\u20ac<\/strong>.&nbsp;<\/li>\n\n\n\n<li>Adh\u00e9sion \u00e0 l&rsquo;association Equilibre Azur pour la saison est incluse.<\/li>\n\n\n\n<li>Tarif unique pour les cours (saison 2025-2026)&nbsp;: <strong>190\u20ac<\/strong>.<\/li>\n<\/ul>\n\n\n\n<p>\u2794 Cours d\u2019Essai&nbsp;:<\/p>\n\n\n\n<ul class=\"wp-block-list\">\n<li>1 Cours d\u2019<strong>essai<\/strong>&nbsp;:&nbsp;<strong>gratuit<\/strong><\/li>\n<\/ul>\n\n\n\n<h4 class=\"wp-block-heading\">R\u00e9ductions et facilit\u00e9 de paiement<\/h4>\n\n\n\n<p>\ud83e\udd41R\u00e9duction famille&nbsp;:&nbsp;<strong>-50%<\/strong>&nbsp;(\u00e0 partir de la deuxi\u00e8me personne)<br>\ud83e\udd41R\u00e9duction 2e discipline (Yoga ou Aikido)&nbsp;: \u2013<strong>30%<\/strong>&nbsp;sur l\u2019ensemble<\/p>\n\n\n\n<h2 class=\"wp-block-heading\">Contact \/ Demande d&rsquo;informations<br>concernant les cours de Qi-Gong<\/h2>\n\n\n\n<p>Pour toute question relative aux cours de Qi-Gong, contacter Laurence&#8230;<\/p>\n\n\n<div class=\"gb-grid-wrapper gb-grid-wrapper-631a6f9e\">\n<div class=\"gb-grid-column gb-grid-column-3a9db12e\"><div class=\"gb-container gb-container-3a9db12e\">\n\n<p><strong>Laurence<\/strong><br><a href=\"tel:+33-6-62-46-12-26\u202c\"><strong>06 62 46 12 26\u202c<\/strong> (laisser un message)<br><\/a><a href=\"mailto:laurence@aikidojo.fr\" target=\"_blank\" rel=\"noreferrer noopener\">laurence.mantelet@hotmail.fr<\/a><\/p>\n\n<\/div><\/div>\n<\/div>\n\n\n<div style=\"height:var(--wp--preset--spacing--50)\" aria-hidden=\"true\" class=\"wp-block-spacer\"><\/div>\n\n\n\n<figure class=\"wp-block-image size-large\"><img alt=\"\" loading=\"lazy\" decoding=\"async\" width=\"738\" height=\"387\" src=\"https:\/\/equilibreazur.fr\/azur\/wp-content\/uploads\/2023\/04\/2023-04-Equilibre-Azur-SocialMedia-738x387.jpg\" alt=\"\" class=\"wp-image-8814\" srcset=\"https:\/\/equilibreazur.fr\/azur\/wp-content\/uploads\/2023\/04\/2023-04-Equilibre-Azur-SocialMedia-738x387.jpg 738w, https:\/\/equilibreazur.fr\/azur\/wp-content\/uploads\/2023\/04\/2023-04-Equilibre-Azur-SocialMedia-370x194.jpg 370w, https:\/\/equilibreazur.fr\/azur\/wp-content\/uploads\/2023\/04\/2023-04-Equilibre-Azur-SocialMedia.jpg 1200w\" sizes=\"auto, (max-width: 738px) 100vw, 738px\" \/><figcaption class=\"wp-element-caption\">Yoga &#8211; Qi-gong &#8211; Wanomichi &#8211; Aikido &#8211; Aunkai<\/figcaption><\/figure>\n","protected":false},"excerpt":{"rendered":"<p>Reprise des cours Qi-Gong&nbsp;: jeudi 04 sept 2025 &#8211; Cours hebdomadaire Pas de cours pendant les vacances scolaires. Qi&nbsp;Gong &#8211; Pratique et Sagesse ancestrales D\u00e9couvrez une discipline ancestrale venue d&rsquo;Orient sous la direction d&rsquo;une instructrice passionn\u00e9e et exp\u00e9riment\u00e9e&#8230; Originaire de &#8230; <a title=\"Qi&nbsp;Gong (saison 2025-2026)\" class=\"read-more\" href=\"https:\/\/equilibreazur.fr\/azur\/qi-gong\/\" aria-label=\"En savoir plus sur Qi&nbsp;Gong (saison 2025-2026)\">Voir plus&#8230;<\/a><\/p>\n","protected":false},"author":2,"featured_media":8260,"parent":0,"menu_order":0,"comment_status":"open","ping_status":"closed","template":"","meta":{"_acf_changed":false,"_seopress_robots_primary_cat":"","_seopress_titles_title":"%%title%% %%page%% %%sep%% Equilibre Azur","_seopress_titles_desc":"D\u00e9couvrez le Qi-Gong, une discipline ancestrale venue d&#039;Orient, sous la direction d&#039;une instructrice passionn\u00e9e et exp\u00e9riment\u00e9e avec EquilibreAzur.fr ...","_seopress_robots_index":"","generate_page_header":"","footnotes":""},"class_list":{"0":"post-7297","1":"page","2":"type-page","3":"status-publish","4":"has-post-thumbnail","6":"infinite-scroll-item"},"acf":[],"_links":{"self":[{"href":"https:\/\/equilibreazur.fr\/azur\/wp-json\/wp\/v2\/pages\/7297","targetHints":{"allow":["GET"]}}],"collection":[{"href":"https:\/\/equilibreazur.fr\/azur\/wp-json\/wp\/v2\/pages"}],"about":[{"href":"https:\/\/equilibreazur.fr\/azur\/wp-json\/wp\/v2\/types\/page"}],"author":[{"embeddable":true,"href":"https:\/\/equilibreazur.fr\/azur\/wp-json\/wp\/v2\/users\/2"}],"replies":[{"embeddable":true,"href":"https:\/\/equilibreazur.fr\/azur\/wp-json\/wp\/v2\/comments?post=7297"}],"version-history":[{"count":6,"href":"https:\/\/equilibreazur.fr\/azur\/wp-json\/wp\/v2\/pages\/7297\/revisions"}],"predecessor-version":[{"id":10378,"href":"https:\/\/equilibreazur.fr\/azur\/wp-json\/wp\/v2\/pages\/7297\/revisions\/10378"}],"wp:featuredmedia":[{"embeddable":true,"href":"https:\/\/equilibreazur.fr\/azur\/wp-json\/wp\/v2\/media\/8260"}],"wp:attachment":[{"href":"https:\/\/equilibreazur.fr\/azur\/wp-json\/wp\/v2\/media?parent=7297"}],"curies":[{"name":"wp","href":"https:\/\/api.w.org\/{rel}","templated":true}]}}