{"id":356,"date":"2010-09-23T14:41:35","date_gmt":"2010-09-23T14:41:35","guid":{"rendered":"http:\/\/aikidojo.fr"},"modified":"2021-04-30T14:15:00","modified_gmt":"2021-04-30T14:15:00","slug":"contactez-nous","status":"publish","type":"page","link":"https:\/\/equilibreazur.fr\/azur\/contactez-nous\/","title":{"rendered":"Contactez-nous"},"content":{"rendered":"\n<div class=\"wp-block-columns is-layout-flex wp-container-core-columns-is-layout-9d6595d7 wp-block-columns-is-layout-flex\">\n<div class=\"wp-block-column is-layout-flow wp-block-column-is-layout-flow\">\n<h2 class=\"wp-block-heading\">\u00c0 votre \u00e9coute&#8230;<\/h2>\n\n\n\n<p>Vous avez&#8230;<\/p>\n\n\n\n<ul class=\"wp-block-list\"><li>une question,<\/li><li>une information \u00e0 nous communiquer,<\/li><li>une anomalie sur le site \u00e0 signaler&nbsp;?&#8230;<\/li><\/ul>\n\n\n\n<p>N&rsquo;h\u00e9sitez pas \u00e0 nous contacter:<\/p>\n\n\n\n<blockquote class=\"wp-block-quote is-layout-flow wp-block-quote-is-layout-flow\"><p style=\"text-align: center;\">Aiki Dojo Azur &#8211; Equilibre Azur &#8211; Yoga Azur<br>contact@aikidojo.fr<br>06 60 42 26 32<\/p><\/blockquote>\n<\/div>\n\n\n\n<div class=\"wp-block-column is-layout-flow wp-block-column-is-layout-flow\">\n<h2 class=\"wp-block-heading\">Recevez nos infolettres&#8230;<\/h2>\n\n\n\n[sibwp_form id=2]\n<\/div>\n<\/div>\n\n\n\n<p>A bient\u00f4t&nbsp;!<\/p>\n","protected":false},"excerpt":{"rendered":"<p>\u00c0 votre \u00e9coute&#8230; Vous avez&#8230; une question, une information \u00e0 nous communiquer, une anomalie sur le site \u00e0 signaler&nbsp;?&#8230; N&rsquo;h\u00e9sitez pas \u00e0 nous contacter: Aiki Dojo Azur &#8211; Equilibre Azur &#8211; Yoga Azurcontact@aikidojo.fr06 60 42 26 32 Recevez nos infolettres&#8230; &#8230; <a title=\"Contactez-nous\" class=\"read-more\" href=\"https:\/\/equilibreazur.fr\/azur\/contactez-nous\/\" aria-label=\"En savoir plus sur Contactez-nous\">Voir plus&#8230;<\/a><\/p>\n","protected":false},"author":2,"featured_media":8293,"parent":0,"menu_order":0,"comment_status":"closed","ping_status":"closed","template":"","meta":{"_acf_changed":false,"_seopress_robots_primary_cat":"","_seopress_titles_title":"","_seopress_titles_desc":"","_seopress_robots_index":"","generate_page_header":"","footnotes":""},"class_list":{"0":"post-356","1":"page","2":"type-page","3":"status-publish","4":"has-post-thumbnail","6":"infinite-scroll-item"},"acf":[],"_links":{"self":[{"href":"https:\/\/equilibreazur.fr\/azur\/wp-json\/wp\/v2\/pages\/356","targetHints":{"allow":["GET"]}}],"collection":[{"href":"https:\/\/equilibreazur.fr\/azur\/wp-json\/wp\/v2\/pages"}],"about":[{"href":"https:\/\/equilibreazur.fr\/azur\/wp-json\/wp\/v2\/types\/page"}],"author":[{"embeddable":true,"href":"https:\/\/equilibreazur.fr\/azur\/wp-json\/wp\/v2\/users\/2"}],"replies":[{"embeddable":true,"href":"https:\/\/equilibreazur.fr\/azur\/wp-json\/wp\/v2\/comments?post=356"}],"version-history":[{"count":3,"href":"https:\/\/equilibreazur.fr\/azur\/wp-json\/wp\/v2\/pages\/356\/revisions"}],"predecessor-version":[{"id":8722,"href":"https:\/\/equilibreazur.fr\/azur\/wp-json\/wp\/v2\/pages\/356\/revisions\/8722"}],"wp:featuredmedia":[{"embeddable":true,"href":"https:\/\/equilibreazur.fr\/azur\/wp-json\/wp\/v2\/media\/8293"}],"wp:attachment":[{"href":"https:\/\/equilibreazur.fr\/azur\/wp-json\/wp\/v2\/media?parent=356"}],"curies":[{"name":"wp","href":"https:\/\/api.w.org\/{rel}","templated":true}]}}